{"id":208,"date":"2023-11-08T09:19:07","date_gmt":"2023-11-08T12:19:07","guid":{"rendered":"http:\/\/2mg.net\/web\/?page_id=208"},"modified":"2025-01-29T23:59:56","modified_gmt":"2025-01-30T02:59:56","slug":"equipamiento","status":"publish","type":"page","link":"https:\/\/2mg.net\/web\/equipamiento\/","title":{"rendered":"equipamiento"},"content":{"rendered":"<p>[et_pb_section fb_built=&#8221;1&#8243; disabled_on=&#8221;on|on|off&#8221; _builder_version=&#8221;4.27.4&#8243; _module_preset=&#8221;default&#8221; custom_margin=&#8221;0px||||false|false&#8221; custom_padding=&#8221;200px||||false|false&#8221; global_colors_info=&#8221;{}&#8221;][et_pb_row _builder_version=&#8221;4.16&#8243; _module_preset=&#8221;default&#8221; custom_padding=&#8221;0px|||||&#8221; global_colors_info=&#8221;{}&#8221;][et_pb_column type=&#8221;4_4&#8243; _builder_version=&#8221;4.16&#8243; _module_preset=&#8221;default&#8221; global_colors_info=&#8221;{}&#8221;][et_pb_text _builder_version=&#8221;4.27.4&#8243; _module_preset=&#8221;default&#8221; header_font=&#8221;Montserrat|700|||||||&#8221; header_text_align=&#8221;center&#8221; header_font_size=&#8221;37px&#8221; header_3_font=&#8221;Poppins|700|||||||&#8221; header_3_text_align=&#8221;center&#8221; header_3_text_color=&#8221;#000000&#8243; header_3_font_size=&#8221;30px&#8221; text_orientation=&#8221;center&#8221; module_alignment=&#8221;center&#8221; custom_margin=&#8221;24px|0px|24px|0px|false|false&#8221; custom_padding=&#8221;0px|0px|0px|0px|false|false&#8221; header_3_font_size_tablet=&#8221;30px&#8221; header_3_font_size_phone=&#8221;24px&#8221; header_3_font_size_last_edited=&#8221;on|phone&#8221; custom_css_free_form=&#8221;selector {||text-decoration: underline;||text-decoration-color: #F08400;||text-decoration-line: underline;||text-underline-offset: 5px;||text-align:center;||padding-bottom: 0px;||}||||selector h3{||  padding-bottom: 3px;||}&#8221; locked=&#8221;off&#8221; global_colors_info=&#8221;{}&#8221;]<\/p>\n<h1 style=\"text-align: center;\">Equipamiento<\/h1>\n<p>[\/et_pb_text][et_pb_text _builder_version=&#8221;4.27.4&#8243; _module_preset=&#8221;default&#8221; text_font=&#8221;Montserrat||||||||&#8221; text_text_color=&#8221;#000000&#8243; text_font_size=&#8221;24px&#8221; hover_enabled=&#8221;0&#8243; custom_css_free_form=&#8221;selector ul li { line-height: 1.8;}&#8221; global_colors_info=&#8221;{}&#8221; custom_margin=&#8221;64px||||false|false&#8221; sticky_enabled=&#8221;0&#8243;]<\/p>\n<ul style=\"columns: 2; -webkit-columns: 2; -moz-columns: 2;\">\n<li>Sistemas de video y control<\/li>\n<li>Streaming<\/li>\n<li>Videoconferencias<\/li>\n<li>Traducci\u00f3n simult\u00e1nea<\/li>\n<li>Sistemas de conferencia<\/li>\n<li>CCTV<\/li>\n<li>Auditorios silenciosos<\/li>\n<li>Sistemas de audio<\/li>\n<li>Iluminaci\u00f3n<\/li>\n<li>Proyecci\u00f3n &amp; mapping<\/li>\n<li>Pantallas de LED rectas y curvas de alta definici\u00f3n<\/li>\n<li>Desarrollo de videos animados e institucionales<\/li>\n<li>Filmaci\u00f3n y edici\u00f3n con pantalla Chroma Key<\/li>\n<li>Doblajes<\/li>\n<li>Experiencias interactivas personalizadas<\/li>\n<li>Realidad Virtual<\/li>\n<li>Mixed Reality<\/li>\n<li>Realidad Aumentada<\/li>\n<li>Deep Screen<\/li>\n<li>Eventos h\u00edbridos y virtuales<\/li>\n<\/ul>\n<p>[\/et_pb_text][\/et_pb_column][\/et_pb_row][et_pb_row _builder_version=&#8221;4.16&#8243; _module_preset=&#8221;default&#8221; custom_padding=&#8221;0px|||||&#8221; global_colors_info=&#8221;{}&#8221;][et_pb_column type=&#8221;4_4&#8243; _builder_version=&#8221;4.16&#8243; _module_preset=&#8221;default&#8221; global_colors_info=&#8221;{}&#8221;][et_pb_image src=&#8221;https:\/\/2mg.net\/web\/wp-content\/uploads\/2024\/03\/e_V3_V2-min.jpg&#8221; _builder_version=&#8221;4.16&#8243; _module_preset=&#8221;default&#8221; global_colors_info=&#8221;{}&#8221;][\/et_pb_image][\/et_pb_column][\/et_pb_row][\/et_pb_section][et_pb_section fb_built=&#8221;1&#8243; disabled_on=&#8221;off|off|on&#8221; _builder_version=&#8221;4.16&#8243; _module_preset=&#8221;default&#8221; transform_translate=&#8221;0px|-33px&#8221; transform_translate_linked=&#8221;off&#8221; custom_padding=&#8221;0px|||||&#8221; global_colors_info=&#8221;{}&#8221;][et_pb_row column_structure=&#8221;1_2,1_2&#8243; _builder_version=&#8221;4.16&#8243; _module_preset=&#8221;default&#8221; custom_padding=&#8221;0px|||||&#8221; locked=&#8221;off&#8221; global_colors_info=&#8221;{}&#8221;][et_pb_column type=&#8221;1_2&#8243; _builder_version=&#8221;4.16&#8243; _module_preset=&#8221;default&#8221; global_colors_info=&#8221;{}&#8221;][et_pb_image src=&#8221;https:\/\/2mg.net\/web\/wp-content\/uploads\/2023\/11\/logoch.png&#8221; title_text=&#8221;logoch&#8221; url=&#8221;@ET-DC@eyJkeW5hbWljIjp0cnVlLCJjb250ZW50IjoiaG9tZV91cmwiLCJzZXR0aW5ncyI6e319@&#8221; align=&#8221;center&#8221; _builder_version=&#8221;4.16&#8243; _dynamic_attributes=&#8221;url&#8221; _module_preset=&#8221;default&#8221; transform_scale=&#8221;78%|78%&#8221; custom_padding=&#8221;0px|||||&#8221; global_colors_info=&#8221;{}&#8221;][\/et_pb_image][\/et_pb_column][et_pb_column type=&#8221;1_2&#8243; _builder_version=&#8221;4.16&#8243; _module_preset=&#8221;default&#8221; global_colors_info=&#8221;{}&#8221;][et_pb_menu menu_style=&#8221;inline_centered_logo&#8221; _builder_version=&#8221;4.16&#8243; _module_preset=&#8221;default&#8221; global_colors_info=&#8221;{}&#8221;][\/et_pb_menu][\/et_pb_column][\/et_pb_row][et_pb_row _builder_version=&#8221;4.16&#8243; _module_preset=&#8221;default&#8221; custom_padding=&#8221;0px|||||&#8221; global_colors_info=&#8221;{}&#8221;][et_pb_column type=&#8221;4_4&#8243; _builder_version=&#8221;4.16&#8243; _module_preset=&#8221;default&#8221; global_colors_info=&#8221;{}&#8221;][et_pb_image src=&#8221;https:\/\/2mg.net\/web\/wp-content\/uploads\/2023\/11\/soluciones.png&#8221; align=&#8221;center&#8221; _builder_version=&#8221;4.16&#8243; _module_preset=&#8221;default&#8221; transform_scale=&#8221;50%|50%&#8221; animation_style=&#8221;slide&#8221; animation_direction=&#8221;bottom&#8221; locked=&#8221;off&#8221; global_colors_info=&#8221;{}&#8221;][\/et_pb_image][\/et_pb_column][\/et_pb_row][et_pb_row _builder_version=&#8221;4.16&#8243; _module_preset=&#8221;default&#8221; custom_padding=&#8221;0px|||||&#8221; global_colors_info=&#8221;{}&#8221;][et_pb_column type=&#8221;4_4&#8243; _builder_version=&#8221;4.16&#8243; _module_preset=&#8221;default&#8221; global_colors_info=&#8221;{}&#8221;][et_pb_image src=&#8221;https:\/\/2mg.net\/web\/wp-content\/uploads\/2023\/12\/equipa2_.png&#8221; _builder_version=&#8221;4.16&#8243; _module_preset=&#8221;default&#8221; global_colors_info=&#8221;{}&#8221;][\/et_pb_image][\/et_pb_column][\/et_pb_row][\/et_pb_section]<\/p>\n","protected":false},"excerpt":{"rendered":"<p>Equipamiento Sistemas de video y control Streaming Videoconferencias Traducci\u00f3n simult\u00e1nea Sistemas de conferencia CCTV Auditorios silenciosos Sistemas de audio Iluminaci\u00f3n Proyecci\u00f3n &amp; mapping Pantallas de LED rectas y curvas de alta definici\u00f3n Desarrollo de videos animados e institucionales Filmaci\u00f3n y edici\u00f3n con pantalla Chroma Key Doblajes Experiencias interactivas personalizadas Realidad Virtual Mixed Reality Realidad Aumentada [&hellip;]<\/p>\n","protected":false},"author":1,"featured_media":0,"parent":0,"menu_order":0,"comment_status":"closed","ping_status":"closed","template":"","meta":{"_et_pb_use_builder":"on","_et_pb_old_content":"","_et_gb_content_width":"","inline_featured_image":false,"_joinchat":[],"footnotes":""},"class_list":["post-208","page","type-page","status-publish","hentry"],"_links":{"self":[{"href":"https:\/\/2mg.net\/web\/wp-json\/wp\/v2\/pages\/208","targetHints":{"allow":["GET"]}}],"collection":[{"href":"https:\/\/2mg.net\/web\/wp-json\/wp\/v2\/pages"}],"about":[{"href":"https:\/\/2mg.net\/web\/wp-json\/wp\/v2\/types\/page"}],"author":[{"embeddable":true,"href":"https:\/\/2mg.net\/web\/wp-json\/wp\/v2\/users\/1"}],"replies":[{"embeddable":true,"href":"https:\/\/2mg.net\/web\/wp-json\/wp\/v2\/comments?post=208"}],"version-history":[{"count":17,"href":"https:\/\/2mg.net\/web\/wp-json\/wp\/v2\/pages\/208\/revisions"}],"predecessor-version":[{"id":225101,"href":"https:\/\/2mg.net\/web\/wp-json\/wp\/v2\/pages\/208\/revisions\/225101"}],"wp:attachment":[{"href":"https:\/\/2mg.net\/web\/wp-json\/wp\/v2\/media?parent=208"}],"curies":[{"name":"wp","href":"https:\/\/api.w.org\/{rel}","templated":true}]}}